{"id":5700,"date":"2016-01-04T14:43:18","date_gmt":"2016-01-04T14:43:18","guid":{"rendered":"http:\/\/essenceoficeland.is\/de\/about-us\/"},"modified":"2023-11-09T14:49:24","modified_gmt":"2023-11-09T14:49:24","slug":"about-us","status":"publish","type":"page","link":"https:\/\/essenceoficeland.is\/de\/about-us\/","title":{"rendered":"\u00dcber uns"},"content":{"rendered":"<div class=\"wpb-content-wrapper\">[mk_page_section bg_image=&#8220;http:\/\/essenceoficeland.is\/wp-content\/uploads\/2016\/01\/about-us-header.jpg&#8220; bg_position=&#8220;center top&#8220; bg_repeat=&#8220;no-repeat&#8220; bg_stretch=&#8220;true&#8220; enable_3d=&#8220;true&#8220; video_color_mask=&#8220;#000000&#8243; video_opacity=&#8220;0.5&#8243; min_height=&#8220;650&#8243; js_vertical_centered=&#8220;true&#8220; top_shape_color=&#8220;#ffffff&#8220; bottom_shape_color=&#8220;#ffffff&#8220; first_page=&#8220;false&#8220; last_page=&#8220;false&#8220; sidebar=&#8220;sidebar-1&#8243;][vc_column][mk_fancy_title tag_name=&#8220;h1&#8243; color=&#8220;#ffffff&#8220; size=&#8220;72&#8243; force_font_size=&#8220;true&#8220; size_phone=&#8220;40&#8243; font_weight=&#8220;bold&#8220; txt_transform=&#8220;uppercase&#8220; margin_bottom=&#8220;0&#8243; font_family=&#8220;Montserrat&#8220; font_type=&#8220;google&#8220; align=&#8220;center&#8220; animation=&#8220;flip-x&#8220;]Lernen Sie uns kennen[\/mk_fancy_title][\/vc_column][\/mk_page_section][mk_page_section layout_structure=&#8220;half_left&#8220; bg_image=&#8220;http:\/\/essenceoficeland.is\/wp-content\/uploads\/2016\/01\/family1.jpg&#8220; bg_color=&#8220;#222222&#8243; bg_stretch=&#8220;true&#8220; min_height=&#8220;715&#8243; js_vertical_centered=&#8220;true&#8220;][vc_column][mk_padding_divider size=&#8220;130&#8243;][vc_column_text disable_pattern=&#8220;false&#8220; align=&#8220;center&#8220; margin_bottom=&#8220;20&#8243;]Das Reisen zu sch\u00f6nen und exotischen Gebieten der Welt ist seit jeher eine der bezauberndsten und erf\u00fcllendsten Abenteuer, die man im Leben unternehmen kann.<\/p>\n<p>Island ist ein Land, das einmalig auf der Welt ist. Es ist ein Land, in dem die Elemente unglaublich lebendig sind und Mutter Natur ihre wahren Kr\u00e4fte zeigt. Sprie\u00dfende Geysire, schroffe Landschaften, wundersch\u00f6ne schwarze Lava-Str\u00e4nde, majest\u00e4tische Gletscher und tosende Wasserf\u00e4lle &#8211; es ist ein Ort der Kontraste. Es ist auch die Heimat von warmen und freundlichen Menschen, Nordlichtern und der Mitternachtssonne. Obwohl die Nation klein ist, hat Island eine reichhaltige Geschichte und Kultur und r\u00fchmt sich mit einer lebendigen Kunstszene und Weltklasse-K\u00fcche, die es zu einem perfekten Reiseziel machen.[\/vc_column_text][mk_padding_divider size=&#8220;130&#8243;][\/vc_column][\/mk_page_section][mk_page_section layout_structure=&#8220;half_right&#8220; bg_image=&#8220;http:\/\/essenceoficeland.is\/wp-content\/uploads\/2016\/01\/about-us-2.jpg&#8220; bg_color=&#8220;#222222&#8243; bg_stretch=&#8220;true&#8220; min_height=&#8220;715&#8243; js_vertical_centered=&#8220;true&#8220;][vc_column][mk_padding_divider size=&#8220;130&#8243;][vc_column_text disable_pattern=&#8220;false&#8220; align=&#8220;center&#8220; margin_bottom=&#8220;20&#8243;]Unsere Urspr\u00fcnge in verschiedenen Regionen des Landes und die unterschiedlichsten Hintergr\u00fcnde vereinen sich in unserer Leidenschaft f\u00fcr Island &#8211; seiner Natur, Kultur und den Menschen. Mit unserer langj\u00e4hrigen Erfahrung in der Konzeption und Verwaltung von Programmen in Island, wollten wir ein neues Reiseb\u00fcro schaffen, das hochwertige, authentische und ma\u00dfgeschneiderte Programme f\u00fcr Reisende anbietet, die das wahre Island erleben wollen.<\/p>\n<p>Wir sind ein Boutique-Reiseb\u00fcro, das kreative Programme mit viel Liebe zum Detail anbietet. Wir w\u00e4hlen all unsere Partner sorgf\u00e4ltig aus und bem\u00fchen uns, echte und authentische Erlebnisse f\u00fcr all diejenigen zu schaffen, die Erinnerungen schaffen m\u00f6chten, die ein Leben lang w\u00e4hren. Mit unsere Leidenschaft, Kreativit\u00e4t und pers\u00f6nlicher Note freuen wir uns ein perfektes Programm f\u00fcr Sie zu kreieren, eine ma\u00dfgeschneiderte Erfahrung der Essenz Islands.[\/vc_column_text][vc_column_text disable_pattern=&#8220;false&#8220; align=&#8220;center&#8220; margin_bottom=&#8220;20&#8243; css=&#8220;.vc_custom_1618846567070{margin-bottom: 20px !important;}&#8220;]\n<h4 style=\"text-align: center;\"><strong>KRIST\u00cdN HAR\u00d0ARD\u00d3TTIR<\/strong><\/h4>\n<h4 style=\"text-align: center;\">Owner &amp; CEO<\/h4>\n[\/vc_column_text][mk_padding_divider size=&#8220;130&#8243;][\/vc_column][\/mk_page_section][mk_page_section min_height=&#8220;425&#8243; js_vertical_centered=&#8220;true&#8220; padding_top=&#8220;30&#8243; padding_bottom=&#8220;30&#8243; el_class=&#8220;hide-section&#8220; sidebar=&#8220;sidebar-1&#8243;][vc_column][mk_fancy_title color=&#8220;#ffffff&#8220; size=&#8220;36&#8243; force_font_size=&#8220;true&#8220; size_phone=&#8220;15&#8243; txt_transform=&#8220;uppercase&#8220; letter_spacing=&#8220;5&#8243; margin_top=&#8220;20&#8243; font_family=&#8220;Montserrat&#8220; font_type=&#8220;google&#8220; align=&#8220;center&#8220; animation=&#8220;top-to-bottom&#8220;]Unser Team[\/mk_fancy_title][mk_divider style=&#8220;thin_solid&#8220; divider_width=&#8220;one_fourth&#8220; thin_single_color=&#8220;#9f7e4a&#8220; margin_bottom=&#8220;40&#8243;][\/vc_column][\/mk_page_section][vc_row fullwidth=&#8220;true&#8220; css=&#8220;.vc_custom_1618846543020{background-color: #222222 !important;}&#8220; el_class=&#8220;hide-section&#8220;][vc_column][mk_padding_divider size=&#8220;150&#8243;][mk_employees rounded_image=&#8220;false&#8220; count=&#8220;3&#8243; name_color=&#8220;#ffffff&#8220; position_color=&#8220;#bbbbbb&#8220; about_color=&#8220;#bbbbbb&#8220;][mk_padding_divider size=&#8220;90&#8243;][\/vc_column][\/vc_row][mk_page_section sidebar=&#8220;sidebar-1&#8243;][vc_column width=&#8220;1\/3&#8243;][mk_padding_divider size=&#8220;100&#8243;][mk_font_icons icon=&#8220;mk-moon-info&#8220; color=&#8220;#ffffff&#8220; size=&#8220;large&#8220; align=&#8220;center&#8220;][mk_fancy_title color=&#8220;#ffffff&#8220; size=&#8220;20&#8243; txt_transform=&#8220;uppercase&#8220; margin_top=&#8220;65&#8243; font_family=&#8220;Montserrat&#8220; font_type=&#8220;google&#8220; align=&#8220;center&#8220;]telefon: +354 578-5590[\/mk_fancy_title][mk_fancy_title color=&#8220;#ffffff&#8220; size=&#8220;20&#8243; txt_transform=&#8220;none&#8220; margin_top=&#8220;20&#8243; font_family=&#8220;Montserrat&#8220; font_type=&#8220;google&#8220; align=&#8220;center&#8220;]info@essenceoficeland.is[\/mk_fancy_title][mk_padding_divider size=&#8220;80&#8243;][\/vc_column][vc_column width=&#8220;1\/3&#8243;][mk_padding_divider size=&#8220;100&#8243;][mk_image src=&#8220;https:\/\/essenceoficeland.is\/wp-content\/uploads\/2023\/11\/essence-travel.webp&#8220; image_size=&#8220;medium&#8220; align=&#8220;center&#8220;][mk_padding_divider size=&#8220;80&#8243;][\/vc_column][vc_column width=&#8220;1\/3&#8243;][mk_padding_divider size=&#8220;100&#8243;][mk_font_icons icon=&#8220;mk-li-pinmap&#8220; color=&#8220;#ffffff&#8220; size=&#8220;large&#8220; align=&#8220;center&#8220;][mk_fancy_title color=&#8220;#ffffff&#8220; size=&#8220;20&#8243; txt_transform=&#8220;uppercase&#8220; margin_top=&#8220;65&#8243; font_family=&#8220;Montserrat&#8220; font_type=&#8220;google&#8220; align=&#8220;center&#8220;]Kr\u00f3kh\u00e1ls 6[\/mk_fancy_title][mk_fancy_title color=&#8220;#ffffff&#8220; size=&#8220;20&#8243; txt_transform=&#8220;none&#8220; margin_top=&#8220;20&#8243; font_family=&#8220;Montserrat&#8220; font_type=&#8220;google&#8220; align=&#8220;center&#8220;]110 Reykjavik | Iceland[\/mk_fancy_title][mk_padding_divider size=&#8220;80&#8243;][\/vc_column][\/mk_page_section]\n<\/div>","protected":false},"excerpt":{"rendered":"<p>[mk_page_section bg_image=&#8220;http:\/\/essenceoficeland.is\/wp-content\/uploads\/2016\/01\/about-us-header.jpg&#8220; bg_position=&#8220;center top&#8220; bg_repeat=&#8220;no-repeat&#8220; bg_stretch=&#8220;true&#8220; enable_3d=&#8220;true&#8220; video_color_mask=&#8220;#000000&#8243; video_opacity=&#8220;0.5&#8243; min_height=&#8220;650&#8243; js_vertical_centered=&#8220;true&#8220; top_shape_color=&#8220;#ffffff&#8220; bottom_shape_color=&#8220;#ffffff&#8220; first_page=&#8220;false&#8220; last_page=&#8220;false&#8220; sidebar=&#8220;sidebar-1&#8243;][vc_column][mk_fancy_title tag_name=&#8220;h1&#8243; color=&#8220;#ffffff&#8220; size=&#8220;72&#8243; force_font_size=&#8220;true&#8220; size_phone=&#8220;40&#8243; font_weight=&#8220;bold&#8220; txt_transform=&#8220;uppercase&#8220; margin_bottom=&#8220;0&#8243; font_family=&#8220;Montserrat&#8220; font_type=&#8220;google&#8220; align=&#8220;center&#8220; animation=&#8220;flip-x&#8220;]Lernen Sie uns kennen[\/mk_fancy_title][\/vc_column][\/mk_page_section][mk_page_section layout_structure=&#8220;half_left&#8220; bg_image=&#8220;http:\/\/essenceoficeland.is\/wp-content\/uploads\/2016\/01\/family1.jpg&#8220; bg_color=&#8220;#222222&#8243; bg_stretch=&#8220;true&#8220; min_height=&#8220;715&#8243; js_vertical_centered=&#8220;true&#8220;][vc_column][mk_padding_divider size=&#8220;130&#8243;][vc_column_text disable_pattern=&#8220;false&#8220; align=&#8220;center&#8220; margin_bottom=&#8220;20&#8243;]Das Reisen zu sch\u00f6nen und exotischen Gebieten der Welt ist seit jeher eine der bezauberndsten [&hellip;]<\/p>\n","protected":false},"author":1,"featured_media":0,"parent":0,"menu_order":0,"comment_status":"closed","ping_status":"closed","template":"","meta":{"_monsterinsights_skip_tracking":false,"_monsterinsights_sitenote_active":false,"_monsterinsights_sitenote_note":"","_monsterinsights_sitenote_category":0,"footnotes":""},"class_list":["post-5700","page","type-page","status-publish","hentry"],"yoast_head":"<!-- This site is optimized with the Yoast SEO plugin v27.4 - https:\/\/yoast.com\/product\/yoast-seo-wordpress\/ -->\n<title>About Essence of Iceland | essenceoficeland.is<\/title>\n<meta name=\"description\" content=\"Essence of Iceland offers high-end, authentic, and bespoke programs for travellers who want to experience true Iceland. Read about us here.\" \/>\n<meta name=\"robots\" content=\"index, follow, max-snippet:-1, max-image-preview:large, max-video-preview:-1\" \/>\n<link rel=\"canonical\" href=\"https:\/\/essenceoficeland.is\/de\/about-us\/\" \/>\n<meta property=\"og:locale\" content=\"de_DE\" \/>\n<meta property=\"og:type\" content=\"article\" \/>\n<meta property=\"og:title\" content=\"About Essence of Iceland | essenceoficeland.is\" \/>\n<meta property=\"og:description\" content=\"Essence of Iceland offers high-end, authentic, and bespoke programs for travellers who want to experience true Iceland. Read about us here.\" \/>\n<meta property=\"og:url\" content=\"https:\/\/essenceoficeland.is\/de\/about-us\/\" \/>\n<meta property=\"og:site_name\" content=\"essenceoficeland.is\" \/>\n<meta property=\"article:publisher\" content=\"https:\/\/www.facebook.com\/essenceoficeland\/\" \/>\n<meta property=\"article:modified_time\" content=\"2023-11-09T14:49:24+00:00\" \/>\n<meta property=\"og:image\" content=\"https:\/\/essenceoficeland.is\/wp-content\/uploads\/2016\/01\/contact-us.jpg\" \/>\n\t<meta property=\"og:image:width\" content=\"1920\" \/>\n\t<meta property=\"og:image:height\" content=\"1080\" \/>\n\t<meta property=\"og:image:type\" content=\"image\/jpeg\" \/>\n<meta name=\"twitter:card\" content=\"summary_large_image\" \/>\n<meta name=\"twitter:label1\" content=\"Gesch\u00e4tzte Lesezeit\" \/>\n\t<meta name=\"twitter:data1\" content=\"2\u00a0Minuten\" \/>\n<script type=\"application\/ld+json\" class=\"yoast-schema-graph\">{\"@context\":\"https:\\\/\\\/schema.org\",\"@graph\":[{\"@type\":\"WebPage\",\"@id\":\"https:\\\/\\\/essenceoficeland.is\\\/de\\\/about-us\\\/\",\"url\":\"https:\\\/\\\/essenceoficeland.is\\\/de\\\/about-us\\\/\",\"name\":\"About Essence of Iceland | essenceoficeland.is\",\"isPartOf\":{\"@id\":\"https:\\\/\\\/essenceoficeland.is\\\/#website\"},\"datePublished\":\"2016-01-04T14:43:18+00:00\",\"dateModified\":\"2023-11-09T14:49:24+00:00\",\"description\":\"Essence of Iceland offers high-end, authentic, and bespoke programs for travellers who want to experience true Iceland. Read about us here.\",\"breadcrumb\":{\"@id\":\"https:\\\/\\\/essenceoficeland.is\\\/de\\\/about-us\\\/#breadcrumb\"},\"inLanguage\":\"de\",\"potentialAction\":[{\"@type\":\"ReadAction\",\"target\":[\"https:\\\/\\\/essenceoficeland.is\\\/de\\\/about-us\\\/\"]}]},{\"@type\":\"BreadcrumbList\",\"@id\":\"https:\\\/\\\/essenceoficeland.is\\\/de\\\/about-us\\\/#breadcrumb\",\"itemListElement\":[{\"@type\":\"ListItem\",\"position\":1,\"name\":\"Home\",\"item\":\"https:\\\/\\\/essenceoficeland.is\\\/de\\\/home\\\/\"},{\"@type\":\"ListItem\",\"position\":2,\"name\":\"\u00dcber uns\"}]},{\"@type\":\"WebSite\",\"@id\":\"https:\\\/\\\/essenceoficeland.is\\\/#website\",\"url\":\"https:\\\/\\\/essenceoficeland.is\\\/\",\"name\":\"essenceoficeland.is\",\"description\":\"Custom Destination Management in Iceland\",\"potentialAction\":[{\"@type\":\"SearchAction\",\"target\":{\"@type\":\"EntryPoint\",\"urlTemplate\":\"https:\\\/\\\/essenceoficeland.is\\\/?s={search_term_string}\"},\"query-input\":{\"@type\":\"PropertyValueSpecification\",\"valueRequired\":true,\"valueName\":\"search_term_string\"}}],\"inLanguage\":\"de\"}]}<\/script>\n<!-- \/ Yoast SEO plugin. -->","yoast_head_json":{"title":"About Essence of Iceland | essenceoficeland.is","description":"Essence of Iceland offers high-end, authentic, and bespoke programs for travellers who want to experience true Iceland. Read about us here.","robots":{"index":"index","follow":"follow","max-snippet":"max-snippet:-1","max-image-preview":"max-image-preview:large","max-video-preview":"max-video-preview:-1"},"canonical":"https:\/\/essenceoficeland.is\/de\/about-us\/","og_locale":"de_DE","og_type":"article","og_title":"About Essence of Iceland | essenceoficeland.is","og_description":"Essence of Iceland offers high-end, authentic, and bespoke programs for travellers who want to experience true Iceland. Read about us here.","og_url":"https:\/\/essenceoficeland.is\/de\/about-us\/","og_site_name":"essenceoficeland.is","article_publisher":"https:\/\/www.facebook.com\/essenceoficeland\/","article_modified_time":"2023-11-09T14:49:24+00:00","og_image":[{"width":1920,"height":1080,"url":"https:\/\/essenceoficeland.is\/wp-content\/uploads\/2016\/01\/contact-us.jpg","type":"image\/jpeg"}],"twitter_card":"summary_large_image","twitter_misc":{"Gesch\u00e4tzte Lesezeit":"2\u00a0Minuten"},"schema":{"@context":"https:\/\/schema.org","@graph":[{"@type":"WebPage","@id":"https:\/\/essenceoficeland.is\/de\/about-us\/","url":"https:\/\/essenceoficeland.is\/de\/about-us\/","name":"About Essence of Iceland | essenceoficeland.is","isPartOf":{"@id":"https:\/\/essenceoficeland.is\/#website"},"datePublished":"2016-01-04T14:43:18+00:00","dateModified":"2023-11-09T14:49:24+00:00","description":"Essence of Iceland offers high-end, authentic, and bespoke programs for travellers who want to experience true Iceland. Read about us here.","breadcrumb":{"@id":"https:\/\/essenceoficeland.is\/de\/about-us\/#breadcrumb"},"inLanguage":"de","potentialAction":[{"@type":"ReadAction","target":["https:\/\/essenceoficeland.is\/de\/about-us\/"]}]},{"@type":"BreadcrumbList","@id":"https:\/\/essenceoficeland.is\/de\/about-us\/#breadcrumb","itemListElement":[{"@type":"ListItem","position":1,"name":"Home","item":"https:\/\/essenceoficeland.is\/de\/home\/"},{"@type":"ListItem","position":2,"name":"\u00dcber uns"}]},{"@type":"WebSite","@id":"https:\/\/essenceoficeland.is\/#website","url":"https:\/\/essenceoficeland.is\/","name":"essenceoficeland.is","description":"Custom Destination Management in Iceland","potentialAction":[{"@type":"SearchAction","target":{"@type":"EntryPoint","urlTemplate":"https:\/\/essenceoficeland.is\/?s={search_term_string}"},"query-input":{"@type":"PropertyValueSpecification","valueRequired":true,"valueName":"search_term_string"}}],"inLanguage":"de"}]}},"_links":{"self":[{"href":"https:\/\/essenceoficeland.is\/de\/wp-json\/wp\/v2\/pages\/5700","targetHints":{"allow":["GET"]}}],"collection":[{"href":"https:\/\/essenceoficeland.is\/de\/wp-json\/wp\/v2\/pages"}],"about":[{"href":"https:\/\/essenceoficeland.is\/de\/wp-json\/wp\/v2\/types\/page"}],"author":[{"embeddable":true,"href":"https:\/\/essenceoficeland.is\/de\/wp-json\/wp\/v2\/users\/1"}],"replies":[{"embeddable":true,"href":"https:\/\/essenceoficeland.is\/de\/wp-json\/wp\/v2\/comments?post=5700"}],"version-history":[{"count":8,"href":"https:\/\/essenceoficeland.is\/de\/wp-json\/wp\/v2\/pages\/5700\/revisions"}],"predecessor-version":[{"id":6123,"href":"https:\/\/essenceoficeland.is\/de\/wp-json\/wp\/v2\/pages\/5700\/revisions\/6123"}],"wp:attachment":[{"href":"https:\/\/essenceoficeland.is\/de\/wp-json\/wp\/v2\/media?parent=5700"}],"curies":[{"name":"wp","href":"https:\/\/api.w.org\/{rel}","templated":true}]}}