{"id":5710,"date":"2016-04-06T10:07:50","date_gmt":"2016-04-06T10:07:50","guid":{"rendered":"http:\/\/essenceoficeland.is\/de\/incentives\/"},"modified":"2023-11-09T14:47:11","modified_gmt":"2023-11-09T14:47:11","slug":"incentives","status":"publish","type":"page","link":"https:\/\/essenceoficeland.is\/de\/incentives\/","title":{"rendered":"Incentives"},"content":{"rendered":"[mk_page_section bg_image=&#8220;http:\/\/essenceoficeland.is\/wp-content\/uploads\/2016\/04\/header-incentives.jpg&#8220; bg_position=&#8220;center top&#8220; bg_repeat=&#8220;no-repeat&#8220; bg_stretch=&#8220;true&#8220; enable_3d=&#8220;true&#8220; video_color_mask=&#8220;#000000&#8243; video_opacity=&#8220;0.5&#8243; min_height=&#8220;650&#8243; js_vertical_centered=&#8220;true&#8220; top_shape_color=&#8220;#ffffff&#8220; bottom_shape_color=&#8220;#ffffff&#8220; first_page=&#8220;false&#8220; last_page=&#8220;false&#8220; sidebar=&#8220;sidebar-1&#8243;][vc_column][mk_fancy_title tag_name=&#8220;h1&#8243; color=&#8220;#ffffff&#8220; size=&#8220;72&#8243; force_font_size=&#8220;true&#8220; size_phone=&#8220;40&#8243; font_weight=&#8220;bold&#8220; txt_transform=&#8220;uppercase&#8220; margin_bottom=&#8220;0&#8243; font_family=&#8220;Montserrat&#8220; font_type=&#8220;google&#8220; align=&#8220;center&#8220; animation=&#8220;flip-x&#8220;]INCENTIVES[\/mk_fancy_title][mk_fancy_title tag_name=&#8220;h3&#8243; color=&#8220;#ffffff&#8220; size=&#8220;40&#8243; txt_transform=&#8220;none&#8220; margin_bottom=&#8220;0&#8243; font_family=&#8220;none&#8220; align=&#8220;center&#8220;]Gemeinsam einmalige Erfahrungen erleben[\/mk_fancy_title][\/vc_column][\/mk_page_section][mk_page_section layout_structure=&#8220;half_left&#8220; bg_image=&#8220;http:\/\/essenceoficeland.is\/wp-content\/uploads\/2016\/04\/essence1.jpg&#8220; bg_color=&#8220;#222222&#8243; bg_stretch=&#8220;true&#8220; min_height=&#8220;715&#8243; js_vertical_centered=&#8220;true&#8220;][vc_column][mk_padding_divider size=&#8220;130&#8243;][vc_column_text disable_pattern=&#8220;false&#8220; align=&#8220;center&#8220; margin_bottom=&#8220;20&#8243;]Bieten Sie Ihren Mitarbeitern oder Gesch\u00e4ftspartnern etwas einzigartiges. W\u00e4hlen Sie ein Ziel, das nicht nur einmalige Erfahrungen bietet, sondern sie auch dazu inspiriert, Gro\u00dfartiges zu leisten. Island ist genau das Ziel.[\/vc_column_text][mk_padding_divider size=&#8220;130&#8243;][\/vc_column][\/mk_page_section][mk_page_section layout_structure=&#8220;half_right&#8220; bg_image=&#8220;http:\/\/essenceoficeland.is\/wp-content\/uploads\/2016\/04\/incentive-tour-mynd.jpg&#8220; bg_color=&#8220;#222222&#8243; bg_stretch=&#8220;true&#8220; min_height=&#8220;715&#8243; js_vertical_centered=&#8220;true&#8220;][vc_column][mk_padding_divider size=&#8220;130&#8243;][vc_column_text disable_pattern=&#8220;false&#8220; align=&#8220;center&#8220; margin_bottom=&#8220;20&#8243;]Belohnungsreisen sind eine Methode, die wirklich die Leistung, Motivation, Hingabe und die allgemeine Moral der Mitarbeiter und Gesch\u00e4ftspartner steigern kann. Sie sind eine Gelegenheit, sie f\u00fcr die Arbeit zu begeistern, Loyalit\u00e4t zu f\u00f6rdern, da sie sich gesch\u00e4tzter f\u00fchlen, und somit die Vorteile f\u00fcr das Unternehmen zu steigern.[\/vc_column_text][mk_padding_divider size=&#8220;130&#8243;][\/vc_column][\/mk_page_section][mk_page_section layout_structure=&#8220;half_left&#8220; bg_image=&#8220;http:\/\/essenceoficeland.is\/wp-content\/uploads\/2016\/04\/essence4a.jpg&#8220; bg_color=&#8220;#222222&#8243; bg_stretch=&#8220;true&#8220; min_height=&#8220;715&#8243; js_vertical_centered=&#8220;true&#8220;][vc_column][mk_padding_divider size=&#8220;130&#8243;][vc_column_text disable_pattern=&#8220;false&#8220; align=&#8220;center&#8220; margin_bottom=&#8220;20&#8243;]Mit unserer Erfahrung k\u00f6nnen wir aufwendige Incentive-Reisen und Veranstaltungen kreieren. Wir legen gro\u00dfen Wert auf Kreativit\u00e4t und die Gestaltung einzigartiger Programme f\u00fcr unsere Kunden. Wir legen jede Tour darauf aus, m\u00f6glichst alle Elemente Islands voll zu nutzen &#8211; von der erstaunlichen Natur, spannenden Aktivit\u00e4ten, ausgezeichneten Hotels und renommierten Restaurants bis zur Geschichte und Kultur des Landes. Wir erkennen auch den Wert eines speziell geeigneten Reiseleiters, der die Bedeutung und Wichtigkeit einer Incentivereise versteht.<\/p>\n<p>Lassen Sie uns Island zu Ihrer gr\u00f6\u00dften Belohnung und Erfahrung machen.[\/vc_column_text][mk_padding_divider size=&#8220;130&#8243;][\/vc_column][\/mk_page_section][mk_page_section bg_image=&#8220;http:\/\/essenceoficeland.is\/wp-content\/uploads\/2016\/01\/parallax-fam.jpg&#8220; bg_position=&#8220;center top&#8220; bg_repeat=&#8220;no-repeat&#8220; bg_stretch=&#8220;true&#8220; enable_3d=&#8220;true&#8220; video_color_mask=&#8220;#000000&#8243; video_opacity=&#8220;0.4&#8243; min_height=&#8220;650&#8243; js_vertical_centered=&#8220;true&#8220; padding_top=&#8220;30&#8243; padding_bottom=&#8220;30&#8243; sidebar=&#8220;sidebar-1&#8243;][vc_column][mk_fancy_title tag_name=&#8220;h3&#8243; color=&#8220;#ffffff&#8220; size=&#8220;24&#8243; txt_transform=&#8220;uppercase&#8220; letter_spacing=&#8220;5&#8243; margin_top=&#8220;20&#8243; font_family=&#8220;none&#8220; align=&#8220;center&#8220; animation=&#8220;top-to-bottom&#8220;]Erleben Sie ein echtes isl\u00e4ndisches Abenteuer[\/mk_fancy_title][mk_fancy_title color=&#8220;#ffffff&#8220; size=&#8220;58&#8243; force_font_size=&#8220;true&#8220; size_phone=&#8220;40&#8243; font_weight=&#8220;bold&#8220; txt_transform=&#8220;uppercase&#8220; margin_bottom=&#8220;0&#8243; font_family=&#8220;none&#8220; align=&#8220;center&#8220;]\n<p class=\"p1\"><span class=\"s1\">isl\u00e4ndisches Abenteuer<\/span><\/p>\n[\/mk_fancy_title][vc_column_text disable_pattern=&#8220;false&#8220; align=&#8220;center&#8220; margin_bottom=&#8220;40&#8243;]Wir freuen uns Ihnen unser aussergew\u00f6hnliches Land zu zeigen[\/vc_column_text][mk_button dimension=&#8220;outline&#8220; size=&#8220;large&#8220; url=&#8220;http:\/\/essenceoficeland.is\/de\/contact-us\/&#8220; align=&#8220;center&#8220; margin_right=&#8220;0&#8243; outline_skin=&#8220;light&#8220;]KONTAKT[\/mk_button][\/vc_column][\/mk_page_section][mk_page_section sidebar=&#8220;sidebar-1&#8243;][vc_column width=&#8220;1\/3&#8243;][mk_padding_divider size=&#8220;100&#8243;][mk_font_icons icon=&#8220;mk-moon-info&#8220; color=&#8220;#ffffff&#8220; size=&#8220;large&#8220; align=&#8220;center&#8220;][mk_fancy_title color=&#8220;#ffffff&#8220; size=&#8220;20&#8243; txt_transform=&#8220;uppercase&#8220; margin_top=&#8220;65&#8243; font_family=&#8220;Montserrat&#8220; font_type=&#8220;google&#8220; align=&#8220;center&#8220;]telefon: +354 <span lang=\"EN-US\">578-5590<\/span>[\/mk_fancy_title][mk_fancy_title color=&#8220;#ffffff&#8220; size=&#8220;20&#8243; txt_transform=&#8220;none&#8220; margin_top=&#8220;20&#8243; font_family=&#8220;Montserrat&#8220; font_type=&#8220;google&#8220; align=&#8220;center&#8220;]info@essenceoficeland.is[\/mk_fancy_title][mk_padding_divider size=&#8220;80&#8243;][\/vc_column][vc_column width=&#8220;1\/3&#8243;][mk_padding_divider size=&#8220;100&#8243;][mk_image src=&#8220;https:\/\/essenceoficeland.is\/wp-content\/uploads\/2023\/11\/essence-travel.webp&#8220; image_size=&#8220;medium&#8220; align=&#8220;center&#8220;][mk_padding_divider size=&#8220;80&#8243;][\/vc_column][vc_column width=&#8220;1\/3&#8243;][mk_padding_divider size=&#8220;100&#8243;][mk_font_icons icon=&#8220;mk-li-pinmap&#8220; color=&#8220;#ffffff&#8220; size=&#8220;large&#8220; align=&#8220;center&#8220;][mk_fancy_title color=&#8220;#ffffff&#8220; size=&#8220;20&#8243; txt_transform=&#8220;uppercase&#8220; margin_top=&#8220;65&#8243; font_family=&#8220;Montserrat&#8220; font_type=&#8220;google&#8220; align=&#8220;center&#8220;]Kr\u00f3kh\u00e1ls 6[\/mk_fancy_title][mk_fancy_title color=&#8220;#ffffff&#8220; size=&#8220;20&#8243; txt_transform=&#8220;none&#8220; margin_top=&#8220;20&#8243; font_family=&#8220;Montserrat&#8220; font_type=&#8220;google&#8220; align=&#8220;center&#8220;]110 Reykjavik | Iceland[\/mk_fancy_title][mk_padding_divider size=&#8220;80&#8243;][\/vc_column][\/mk_page_section]\n","protected":false},"excerpt":{"rendered":"<p>[mk_page_section bg_image=&#8220;http:\/\/essenceoficeland.is\/wp-content\/uploads\/2016\/04\/header-incentives.jpg&#8220; bg_position=&#8220;center top&#8220; bg_repeat=&#8220;no-repeat&#8220; bg_stretch=&#8220;true&#8220; enable_3d=&#8220;true&#8220; video_color_mask=&#8220;#000000&#8243; video_opacity=&#8220;0.5&#8243; min_height=&#8220;650&#8243; js_vertical_centered=&#8220;true&#8220; top_shape_color=&#8220;#ffffff&#8220; bottom_shape_color=&#8220;#ffffff&#8220; first_page=&#8220;false&#8220; last_page=&#8220;false&#8220; sidebar=&#8220;sidebar-1&#8243;][vc_column][mk_fancy_title tag_name=&#8220;h1&#8243; color=&#8220;#ffffff&#8220; size=&#8220;72&#8243; force_font_size=&#8220;true&#8220; size_phone=&#8220;40&#8243; font_weight=&#8220;bold&#8220; txt_transform=&#8220;uppercase&#8220; margin_bottom=&#8220;0&#8243; font_family=&#8220;Montserrat&#8220; font_type=&#8220;google&#8220; align=&#8220;center&#8220; animation=&#8220;flip-x&#8220;]INCENTIVES[\/mk_fancy_title][mk_fancy_title tag_name=&#8220;h3&#8243; color=&#8220;#ffffff&#8220; size=&#8220;40&#8243; txt_transform=&#8220;none&#8220; margin_bottom=&#8220;0&#8243; font_family=&#8220;none&#8220; align=&#8220;center&#8220;]Gemeinsam einmalige Erfahrungen erleben[\/mk_fancy_title][\/vc_column][\/mk_page_section][mk_page_section layout_structure=&#8220;half_left&#8220; bg_image=&#8220;http:\/\/essenceoficeland.is\/wp-content\/uploads\/2016\/04\/essence1.jpg&#8220; bg_color=&#8220;#222222&#8243; bg_stretch=&#8220;true&#8220; min_height=&#8220;715&#8243; js_vertical_centered=&#8220;true&#8220;][vc_column][mk_padding_divider size=&#8220;130&#8243;][vc_column_text disable_pattern=&#8220;false&#8220; align=&#8220;center&#8220; margin_bottom=&#8220;20&#8243;]Bieten Sie Ihren Mitarbeitern oder Gesch\u00e4ftspartnern etwas einzigartiges. [&hellip;]<\/p>\n","protected":false},"author":1,"featured_media":0,"parent":0,"menu_order":0,"comment_status":"closed","ping_status":"closed","template":"","meta":{"_monsterinsights_skip_tracking":false,"_monsterinsights_sitenote_active":false,"_monsterinsights_sitenote_note":"","_monsterinsights_sitenote_category":0,"footnotes":""},"class_list":["post-5710","page","type-page","status-publish","hentry"],"yoast_head":"<!-- This site is optimized with the Yoast SEO plugin v25.0 - https:\/\/yoast.com\/wordpress\/plugins\/seo\/ -->\n<title>Iceland Incentive Tours Trips and Travel | essenceoficeland.is<\/title>\n<meta name=\"description\" content=\"Incentive Travel in Iceland. Give your employees or business partners something unique and different to look forward to. Iceland is that destination.\" \/>\n<meta name=\"robots\" content=\"index, follow, max-snippet:-1, max-image-preview:large, max-video-preview:-1\" \/>\n<link rel=\"canonical\" href=\"https:\/\/essenceoficeland.is\/de\/incentives\/\" \/>\n<meta property=\"og:locale\" content=\"de_DE\" \/>\n<meta property=\"og:type\" content=\"article\" \/>\n<meta property=\"og:title\" content=\"Iceland Incentive Tours Trips and Travel | essenceoficeland.is\" \/>\n<meta property=\"og:description\" content=\"Incentive Travel in Iceland. Give your employees or business partners something unique and different to look forward to. Iceland is that destination.\" \/>\n<meta property=\"og:url\" content=\"https:\/\/essenceoficeland.is\/de\/incentives\/\" \/>\n<meta property=\"og:site_name\" content=\"essenceoficeland.is\" \/>\n<meta property=\"article:publisher\" content=\"https:\/\/www.facebook.com\/essenceoficeland\/\" \/>\n<meta property=\"article:modified_time\" content=\"2023-11-09T14:47:11+00:00\" \/>\n<meta property=\"og:image\" content=\"https:\/\/essenceoficeland.is\/wp-content\/uploads\/2016\/01\/contact-us.jpg\" \/>\n\t<meta property=\"og:image:width\" content=\"1920\" \/>\n\t<meta property=\"og:image:height\" content=\"1080\" \/>\n\t<meta property=\"og:image:type\" content=\"image\/jpeg\" \/>\n<meta name=\"twitter:card\" content=\"summary_large_image\" \/>\n<meta name=\"twitter:label1\" content=\"Gesch\u00e4tzte Lesezeit\" \/>\n\t<meta name=\"twitter:data1\" content=\"2\u00a0Minuten\" \/>\n<script type=\"application\/ld+json\" class=\"yoast-schema-graph\">{\"@context\":\"https:\/\/schema.org\",\"@graph\":[{\"@type\":\"WebPage\",\"@id\":\"https:\/\/essenceoficeland.is\/de\/incentives\/\",\"url\":\"https:\/\/essenceoficeland.is\/de\/incentives\/\",\"name\":\"Iceland Incentive Tours Trips and Travel | essenceoficeland.is\",\"isPartOf\":{\"@id\":\"https:\/\/essenceoficeland.is\/#website\"},\"datePublished\":\"2016-04-06T10:07:50+00:00\",\"dateModified\":\"2023-11-09T14:47:11+00:00\",\"description\":\"Incentive Travel in Iceland. Give your employees or business partners something unique and different to look forward to. Iceland is that destination.\",\"breadcrumb\":{\"@id\":\"https:\/\/essenceoficeland.is\/de\/incentives\/#breadcrumb\"},\"inLanguage\":\"de\",\"potentialAction\":[{\"@type\":\"ReadAction\",\"target\":[\"https:\/\/essenceoficeland.is\/de\/incentives\/\"]}]},{\"@type\":\"BreadcrumbList\",\"@id\":\"https:\/\/essenceoficeland.is\/de\/incentives\/#breadcrumb\",\"itemListElement\":[{\"@type\":\"ListItem\",\"position\":1,\"name\":\"Home\",\"item\":\"https:\/\/essenceoficeland.is\/de\/home\/\"},{\"@type\":\"ListItem\",\"position\":2,\"name\":\"Incentives\"}]},{\"@type\":\"WebSite\",\"@id\":\"https:\/\/essenceoficeland.is\/#website\",\"url\":\"https:\/\/essenceoficeland.is\/\",\"name\":\"essenceoficeland.is\",\"description\":\"Custom Destination Management in Iceland\",\"potentialAction\":[{\"@type\":\"SearchAction\",\"target\":{\"@type\":\"EntryPoint\",\"urlTemplate\":\"https:\/\/essenceoficeland.is\/?s={search_term_string}\"},\"query-input\":{\"@type\":\"PropertyValueSpecification\",\"valueRequired\":true,\"valueName\":\"search_term_string\"}}],\"inLanguage\":\"de\"}]}<\/script>\n<!-- \/ Yoast SEO plugin. -->","yoast_head_json":{"title":"Iceland Incentive Tours Trips and Travel | essenceoficeland.is","description":"Incentive Travel in Iceland. Give your employees or business partners something unique and different to look forward to. Iceland is that destination.","robots":{"index":"index","follow":"follow","max-snippet":"max-snippet:-1","max-image-preview":"max-image-preview:large","max-video-preview":"max-video-preview:-1"},"canonical":"https:\/\/essenceoficeland.is\/de\/incentives\/","og_locale":"de_DE","og_type":"article","og_title":"Iceland Incentive Tours Trips and Travel | essenceoficeland.is","og_description":"Incentive Travel in Iceland. Give your employees or business partners something unique and different to look forward to. Iceland is that destination.","og_url":"https:\/\/essenceoficeland.is\/de\/incentives\/","og_site_name":"essenceoficeland.is","article_publisher":"https:\/\/www.facebook.com\/essenceoficeland\/","article_modified_time":"2023-11-09T14:47:11+00:00","og_image":[{"width":1920,"height":1080,"url":"https:\/\/essenceoficeland.is\/wp-content\/uploads\/2016\/01\/contact-us.jpg","type":"image\/jpeg"}],"twitter_card":"summary_large_image","twitter_misc":{"Gesch\u00e4tzte Lesezeit":"2\u00a0Minuten"},"schema":{"@context":"https:\/\/schema.org","@graph":[{"@type":"WebPage","@id":"https:\/\/essenceoficeland.is\/de\/incentives\/","url":"https:\/\/essenceoficeland.is\/de\/incentives\/","name":"Iceland Incentive Tours Trips and Travel | essenceoficeland.is","isPartOf":{"@id":"https:\/\/essenceoficeland.is\/#website"},"datePublished":"2016-04-06T10:07:50+00:00","dateModified":"2023-11-09T14:47:11+00:00","description":"Incentive Travel in Iceland. Give your employees or business partners something unique and different to look forward to. Iceland is that destination.","breadcrumb":{"@id":"https:\/\/essenceoficeland.is\/de\/incentives\/#breadcrumb"},"inLanguage":"de","potentialAction":[{"@type":"ReadAction","target":["https:\/\/essenceoficeland.is\/de\/incentives\/"]}]},{"@type":"BreadcrumbList","@id":"https:\/\/essenceoficeland.is\/de\/incentives\/#breadcrumb","itemListElement":[{"@type":"ListItem","position":1,"name":"Home","item":"https:\/\/essenceoficeland.is\/de\/home\/"},{"@type":"ListItem","position":2,"name":"Incentives"}]},{"@type":"WebSite","@id":"https:\/\/essenceoficeland.is\/#website","url":"https:\/\/essenceoficeland.is\/","name":"essenceoficeland.is","description":"Custom Destination Management in Iceland","potentialAction":[{"@type":"SearchAction","target":{"@type":"EntryPoint","urlTemplate":"https:\/\/essenceoficeland.is\/?s={search_term_string}"},"query-input":{"@type":"PropertyValueSpecification","valueRequired":true,"valueName":"search_term_string"}}],"inLanguage":"de"}]}},"_links":{"self":[{"href":"https:\/\/essenceoficeland.is\/de\/wp-json\/wp\/v2\/pages\/5710"}],"collection":[{"href":"https:\/\/essenceoficeland.is\/de\/wp-json\/wp\/v2\/pages"}],"about":[{"href":"https:\/\/essenceoficeland.is\/de\/wp-json\/wp\/v2\/types\/page"}],"author":[{"embeddable":true,"href":"https:\/\/essenceoficeland.is\/de\/wp-json\/wp\/v2\/users\/1"}],"replies":[{"embeddable":true,"href":"https:\/\/essenceoficeland.is\/de\/wp-json\/wp\/v2\/comments?post=5710"}],"version-history":[{"count":8,"href":"https:\/\/essenceoficeland.is\/de\/wp-json\/wp\/v2\/pages\/5710\/revisions"}],"predecessor-version":[{"id":6120,"href":"https:\/\/essenceoficeland.is\/de\/wp-json\/wp\/v2\/pages\/5710\/revisions\/6120"}],"wp:attachment":[{"href":"https:\/\/essenceoficeland.is\/de\/wp-json\/wp\/v2\/media?parent=5710"}],"curies":[{"name":"wp","href":"https:\/\/api.w.org\/{rel}","templated":true}]}}